{"id":9,"date":"2021-05-24T19:31:04","date_gmt":"2021-05-24T19:31:04","guid":{"rendered":"http:\/\/www.fidea.sk\/?page_id=9"},"modified":"2021-08-01T16:57:48","modified_gmt":"2021-08-01T16:57:48","slug":"denna-ponuka-pre-seniorov","status":"publish","type":"page","link":"https:\/\/www.fidea.sk\/index.php\/denna-ponuka-pre-seniorov\/","title":{"rendered":"Denn\u00e1 ponuka pre seniorov"},"content":{"rendered":"\n<ul><li>Celodenn\u00e1 starostlivos\u0165 od 7:30 do 16:00<\/li><li>Zabezpe\u010denie stravy, k\u00e1va, \u010daj, voda a pochutiny\u00a0 po\u010das\u00a0 d\u0148a\u00a0 \u00a0<\/li><li>Denn\u00fd program: \u010d\u00edtanie, hry, biblick\u00e9 hodiny, ru\u010dn\u00e9 pr\u00e1ce, cvi\u010denie vhodn\u00e9 pre seniorov, logopedick\u00e9 cvi\u010denia, n\u00e1cvik motoriky, terapia kysl\u00edkom, n\u00e1cvik\u00a0 piesn\u00ed, slu\u017eby mas\u00e9ra<\/li><li>Va\u0161i pr\u00edbuzn\u00ed, ktor\u00ed e\u0161te s\u00fa v pracovnom pomere, m\u00f4\u017eu bez starost\u00ed vykon\u00e1va\u0165 svoje povolania<\/li><li>M\u00e1me vytvoren\u00e9 podmienky aj na oddych, seda\u010dky, kresl\u00e1, postele, le\u017eadl\u00e1 a v lete pobyt na priestrannej terase<\/li><\/ul>\n","protected":false},"excerpt":{"rendered":"<p>Celodenn\u00e1 starostlivos\u0165 od 7:30 do 16:00 Zabezpe\u010denie stravy, k\u00e1va, \u010daj, voda a pochutiny\u00a0 po\u010das\u00a0 d\u0148a\u00a0 \u00a0 Denn\u00fd program: \u010d\u00edtanie, hry, biblick\u00e9 hodiny, ru\u010dn\u00e9 pr\u00e1ce, cvi\u010denie vhodn\u00e9 pre seniorov, logopedick\u00e9 cvi\u010denia, n\u00e1cvik motoriky, terapia kysl\u00edkom, n\u00e1cvik\u00a0 piesn\u00ed, slu\u017eby mas\u00e9ra Va\u0161i pr\u00edbuzn\u00ed, ktor\u00ed e\u0161te s\u00fa v pracovnom &hellip; <\/p>\n","protected":false},"author":1,"featured_media":0,"parent":0,"menu_order":0,"comment_status":"closed","ping_status":"closed","template":"","meta":[],"_links":{"self":[{"href":"https:\/\/www.fidea.sk\/index.php\/wp-json\/wp\/v2\/pages\/9"}],"collection":[{"href":"https:\/\/www.fidea.sk\/index.php\/wp-json\/wp\/v2\/pages"}],"about":[{"href":"https:\/\/www.fidea.sk\/index.php\/wp-json\/wp\/v2\/types\/page"}],"author":[{"embeddable":true,"href":"https:\/\/www.fidea.sk\/index.php\/wp-json\/wp\/v2\/users\/1"}],"replies":[{"embeddable":true,"href":"https:\/\/www.fidea.sk\/index.php\/wp-json\/wp\/v2\/comments?post=9"}],"version-history":[{"count":2,"href":"https:\/\/www.fidea.sk\/index.php\/wp-json\/wp\/v2\/pages\/9\/revisions"}],"predecessor-version":[{"id":75,"href":"https:\/\/www.fidea.sk\/index.php\/wp-json\/wp\/v2\/pages\/9\/revisions\/75"}],"wp:attachment":[{"href":"https:\/\/www.fidea.sk\/index.php\/wp-json\/wp\/v2\/media?parent=9"}],"curies":[{"name":"wp","href":"https:\/\/api.w.org\/{rel}","templated":true}]}}