{"id":79,"date":"2021-08-01T17:25:07","date_gmt":"2021-08-01T17:25:07","guid":{"rendered":"https:\/\/www.fidea.sk\/?page_id=79"},"modified":"2021-08-01T17:25:07","modified_gmt":"2021-08-01T17:25:07","slug":"vyrocne-spravy","status":"publish","type":"page","link":"https:\/\/www.fidea.sk\/index.php\/vyrocne-spravy\/","title":{"rendered":"V\u00fdro\u010dn\u00e9 spr\u00e1vy:"},"content":{"rendered":"\n<ul><li><a href=\"https:\/\/www.fidea.sk\/na_stiahnutie\/vyrocne_spravy\/vyrocna_sprava_2017%20.pdf\" target=\"_blank\" rel=\"noreferrer noopener\">V\u00fdro\u010dn\u00e1 spr\u00e1va za rok 2017<\/a><\/li><li><a href=\"https:\/\/www.fidea.sk\/na_stiahnutie\/vyrocne_spravy\/vyrocna_sprava_2018%20.pdf\" target=\"_blank\" rel=\"noreferrer noopener\">V\u00fdro\u010dn\u00e1 spr\u00e1va za rok 2018<\/a><\/li><li><a href=\"https:\/\/www.fidea.sk\/na_stiahnutie\/vyrocne_spravy\/vyrocna_sprava_2019%20.pdf\" target=\"_blank\" rel=\"noreferrer noopener\">V\u00fdro\u010dn\u00e1 spr\u00e1va za rok 2019<\/a><\/li><li><a href=\"https:\/\/www.fidea.sk\/na_stiahnutie\/vyrocne_spravy\/vyrocna_sprava_2020%20.pdf\">V\u00fdro\u010dn\u00e1 spr\u00e1va za rok 2020<\/a><\/li><\/ul>\n\n\n\n<p><\/p>\n","protected":false},"excerpt":{"rendered":"<p>V\u00fdro\u010dn\u00e1 spr\u00e1va za rok 2017 V\u00fdro\u010dn\u00e1 spr\u00e1va za rok 2018 V\u00fdro\u010dn\u00e1 spr\u00e1va za rok 2019 V\u00fdro\u010dn\u00e1 spr\u00e1va za rok 2020<\/p>\n","protected":false},"author":1,"featured_media":0,"parent":0,"menu_order":2,"comment_status":"closed","ping_status":"closed","template":"","meta":[],"_links":{"self":[{"href":"https:\/\/www.fidea.sk\/index.php\/wp-json\/wp\/v2\/pages\/79"}],"collection":[{"href":"https:\/\/www.fidea.sk\/index.php\/wp-json\/wp\/v2\/pages"}],"about":[{"href":"https:\/\/www.fidea.sk\/index.php\/wp-json\/wp\/v2\/types\/page"}],"author":[{"embeddable":true,"href":"https:\/\/www.fidea.sk\/index.php\/wp-json\/wp\/v2\/users\/1"}],"replies":[{"embeddable":true,"href":"https:\/\/www.fidea.sk\/index.php\/wp-json\/wp\/v2\/comments?post=79"}],"version-history":[{"count":1,"href":"https:\/\/www.fidea.sk\/index.php\/wp-json\/wp\/v2\/pages\/79\/revisions"}],"predecessor-version":[{"id":86,"href":"https:\/\/www.fidea.sk\/index.php\/wp-json\/wp\/v2\/pages\/79\/revisions\/86"}],"wp:attachment":[{"href":"https:\/\/www.fidea.sk\/index.php\/wp-json\/wp\/v2\/media?parent=79"}],"curies":[{"name":"wp","href":"https:\/\/api.w.org\/{rel}","templated":true}]}}