{"id":42,"date":"2021-08-01T16:32:16","date_gmt":"2021-08-01T16:32:16","guid":{"rendered":"https:\/\/www.fidea.sk\/?page_id=42"},"modified":"2021-08-01T18:23:44","modified_gmt":"2021-08-01T18:23:44","slug":"fotogaleria","status":"publish","type":"page","link":"https:\/\/www.fidea.sk\/index.php\/fotogaleria\/","title":{"rendered":"Fotogal\u00e9ria"},"content":{"rendered":"\n<h2><a href=\"https:\/\/www.fidea.sk\/index.php\/fotogaleria\/2019-2\/\" target=\"_blank\" rel=\"noreferrer noopener\">2019<\/a><\/h2>\n\n\n\n<hr class=\"wp-block-separator\"\/>\n\n\n\n<h2><a href=\"https:\/\/www.fidea.sk\/index.php\/fotogaleria\/nase-vyrobky\/\" target=\"_blank\" rel=\"noreferrer noopener\">Na\u0161e v\u00fdrobky<\/a><\/h2>\n\n\n\n<hr class=\"wp-block-separator\"\/>\n\n\n\n<h2><a href=\"https:\/\/www.fidea.sk\/index.php\/fotogaleria\/stale-ste-v-nasich-spomienkach\/\" target=\"_blank\" rel=\"noreferrer noopener\">St\u00e1le ste v\u00a0na\u0161ich spomienkach<\/a><\/h2>\n\n\n\n<p><\/p>\n","protected":false},"excerpt":{"rendered":"<p>2019 Na\u0161e v\u00fdrobky St\u00e1le ste v\u00a0na\u0161ich spomienkach<\/p>\n","protected":false},"author":1,"featured_media":0,"parent":0,"menu_order":0,"comment_status":"closed","ping_status":"closed","template":"","meta":[],"_links":{"self":[{"href":"https:\/\/www.fidea.sk\/index.php\/wp-json\/wp\/v2\/pages\/42"}],"collection":[{"href":"https:\/\/www.fidea.sk\/index.php\/wp-json\/wp\/v2\/pages"}],"about":[{"href":"https:\/\/www.fidea.sk\/index.php\/wp-json\/wp\/v2\/types\/page"}],"author":[{"embeddable":true,"href":"https:\/\/www.fidea.sk\/index.php\/wp-json\/wp\/v2\/users\/1"}],"replies":[{"embeddable":true,"href":"https:\/\/www.fidea.sk\/index.php\/wp-json\/wp\/v2\/comments?post=42"}],"version-history":[{"count":7,"href":"https:\/\/www.fidea.sk\/index.php\/wp-json\/wp\/v2\/pages\/42\/revisions"}],"predecessor-version":[{"id":145,"href":"https:\/\/www.fidea.sk\/index.php\/wp-json\/wp\/v2\/pages\/42\/revisions\/145"}],"wp:attachment":[{"href":"https:\/\/www.fidea.sk\/index.php\/wp-json\/wp\/v2\/media?parent=42"}],"curies":[{"name":"wp","href":"https:\/\/api.w.org\/{rel}","templated":true}]}}